{"id":267,"date":"2021-06-22T09:39:35","date_gmt":"2021-06-22T12:39:35","guid":{"rendered":"https:\/\/update-wp.psi.unc.edu.ar\/eventos\/?page_id=19"},"modified":"2021-06-22T09:39:35","modified_gmt":"2021-06-22T12:39:35","slug":"preguntas-frecuentes-3","status":"publish","type":"page","link":"https:\/\/update-wp.psi.unc.edu.ar\/?page_id=267","title":{"rendered":"Preguntas Frecuentes"},"content":{"rendered":"\n<p><strong>\u00bfC\u00f3mo comprar entradas a trav\u00e9s del sitio?<\/strong><\/p>\n\n\n\n<p>Para comprar entradas ten\u00e9s que dirigirte a la pesta\u00f1a &#8220;Listado de Eventos&#8221; y estar logueado<\/p>\n\n\n\n<p><strong>\u00bfEs necesario retirar las entradas personalmente?<\/strong><\/p>\n\n\n\n<p>No. Podes utilizar el comprobante que te llega por correo<\/p>\n\n\n\n<p><strong>\u00bfQu\u00e9 m\u00e9todos de pago son aceptados?<\/strong><\/p>\n\n\n\n<p>Tarjetas de cr\u00e9dito\/debito<\/p>\n","protected":false},"excerpt":{"rendered":"<p>\u00bfC\u00f3mo comprar entradas a trav\u00e9s del sitio? Para comprar entradas ten\u00e9s que dirigirte a la&#8230;<\/p>\n","protected":false},"author":1,"featured_media":0,"parent":0,"menu_order":0,"comment_status":"closed","ping_status":"closed","template":"","meta":{"footnotes":""},"_links":{"self":[{"href":"https:\/\/update-wp.psi.unc.edu.ar\/index.php?rest_route=\/wp\/v2\/pages\/267"}],"collection":[{"href":"https:\/\/update-wp.psi.unc.edu.ar\/index.php?rest_route=\/wp\/v2\/pages"}],"about":[{"href":"https:\/\/update-wp.psi.unc.edu.ar\/index.php?rest_route=\/wp\/v2\/types\/page"}],"author":[{"embeddable":true,"href":"https:\/\/update-wp.psi.unc.edu.ar\/index.php?rest_route=\/wp\/v2\/users\/1"}],"replies":[{"embeddable":true,"href":"https:\/\/update-wp.psi.unc.edu.ar\/index.php?rest_route=%2Fwp%2Fv2%2Fcomments&post=267"}],"version-history":[{"count":0,"href":"https:\/\/update-wp.psi.unc.edu.ar\/index.php?rest_route=\/wp\/v2\/pages\/267\/revisions"}],"wp:attachment":[{"href":"https:\/\/update-wp.psi.unc.edu.ar\/index.php?rest_route=%2Fwp%2Fv2%2Fmedia&parent=267"}],"curies":[{"name":"wp","href":"https:\/\/api.w.org\/{rel}","templated":true}]}}